{"id":532,"date":"2023-07-13T09:23:48","date_gmt":"2023-07-13T09:23:48","guid":{"rendered":"https:\/\/gulsenler.com.tr\/our-service-regions\/gazipasa-siemens-dealer\/"},"modified":"2023-07-25T15:43:41","modified_gmt":"2023-07-25T15:43:41","slug":"gazipasa-siemens-dealer","status":"publish","type":"page","link":"https:\/\/gulsenler.com.tr\/en\/our-service-regions\/gazipasa-siemens-dealer\/","title":{"rendered":"Gazipa\u015fa Siemens Dealer"},"content":{"rendered":"\n\n\t<section class=\"section\" id=\"section_376557205\">\n\t\t<div class=\"section-bg fill\" >\n\t\t\t\t\t\t\t\t\t\n\t\t\t\n\n\t\t<\/div>\n\n\t\t\n\n\t\t<div class=\"section-content relative\">\n\t\t\t\n\n\n  <div class=\"banner has-hover has-parallax\" id=\"banner-550223498\">\n          <div class=\"banner-inner fill\">\n        <div class=\"banner-bg fill\" data-parallax=\"-4\" data-parallax-container=\".banner\" data-parallax-background>\n            <img loading=\"lazy\" decoding=\"async\" width=\"1920\" height=\"751\" src=\"https:\/\/gulsenler.com.tr\/wp-content\/uploads\/2023\/07\/Gazipasa-Siemens-Bayi-Gulsenler.webp\" class=\"bg attachment-original size-original\" alt=\"Gazipa\u015fa Siemens Bayi - G\u00fcl\u015fenler\" \/>                                    \n                    <\/div>\n\t\t\n        <div class=\"banner-layers container\">\n            <div class=\"fill banner-link\"><\/div>            \n\n\n        <\/div>\n      <\/div>\n\n            \n<style>\n#banner-550223498 {\n  padding-top: 150px;\n}\n#banner-550223498 .banner-bg img {\n  object-position: 61% 100%;\n}\n@media (min-width:550px) {\n  #banner-550223498 {\n    padding-top: 496px;\n  }\n}\n<\/style>\n  <\/div>\n\n\n\n\t\t<\/div>\n\n\t\t\n<style>\n#section_376557205 {\n  padding-top: 0px;\n  padding-bottom: 0px;\n}\n<\/style>\n\t<\/section>\n\t\n\n\t<section class=\"section\" id=\"section_766565962\">\n\t\t<div class=\"section-bg fill\" >\n\t\t\t\t\t\t\t\t\t\n\t\t\t\n\n\t\t<\/div>\n\n\t\t\n\n\t\t<div class=\"section-content relative\">\n\t\t\t\n\n<div class=\"row align-middle\"  id=\"row-1242977503\">\n\n\n\t<div id=\"col-44211829\" class=\"col medium-6 small-12 large-6\"  >\n\t\t\t\t<div class=\"col-inner\"  >\n\t\t\t\n\t\t\t\n\n<h1>Gazipa\u015fa Siemens Dealer<\/h1>\n<p>Gazipa\u015fa Siemens dealer We offer you service as G\u00fcl\u015fenler. With Siemens Professionalism and quality, you can easily reach the products you need.<\/p>\n<p>We provide free shipping and installation to Gazipa\u015fa region. If you wish, you can visit our store in Gazipa\u015fa.<\/p>\n<p>You can view our product groups and contact us.<\/p>\n<p>You can use the information below or fill out the form to communicate.<\/p>\n\n\t\t<\/div>\n\t\t\t\t\t<\/div>\n\n\t\n\n\t<div id=\"col-48607907\" class=\"col medium-6 small-12 large-6\"  >\n\t\t\t\t<div class=\"col-inner\"  >\n\t\t\t\n\t\t\t\n\n\t<div class=\"img has-hover x md-x lg-x y md-y lg-y\" id=\"image_1864840741\">\n\t\t\t\t\t\t\t\t<div class=\"img-inner dark\" >\n\t\t\t<img loading=\"lazy\" decoding=\"async\" width=\"1200\" height=\"675\" src=\"https:\/\/gulsenler.com.tr\/wp-content\/uploads\/2023\/07\/Gazipasa-Siemens-Bayi-Iletisim-Gulsenler.webp\" class=\"attachment-original size-original\" alt=\"Gazipa\u015fa Siemens Bayi \u0130leti\u015fim - G\u00fcl\u015fenler\" srcset=\"https:\/\/gulsenler.com.tr\/wp-content\/uploads\/2023\/07\/Gazipasa-Siemens-Bayi-Iletisim-Gulsenler.webp 1200w, https:\/\/gulsenler.com.tr\/wp-content\/uploads\/2023\/07\/Gazipasa-Siemens-Bayi-Iletisim-Gulsenler-300x169.webp 300w, https:\/\/gulsenler.com.tr\/wp-content\/uploads\/2023\/07\/Gazipasa-Siemens-Bayi-Iletisim-Gulsenler-1024x576.webp 1024w, https:\/\/gulsenler.com.tr\/wp-content\/uploads\/2023\/07\/Gazipasa-Siemens-Bayi-Iletisim-Gulsenler-768x432.webp 768w\" sizes=\"auto, (max-width: 1200px) 100vw, 1200px\" \/>\t\t\t\t\t\t\n\t\t\t\t\t<\/div>\n\t\t\t\t\t\t\t\t\n<style>\n#image_1864840741 {\n  width: 100%;\n}\n<\/style>\n\t<\/div>\n\t\n\n\n\t\t<\/div>\n\t\t\t\t\t<\/div>\n\n\t\n\n<\/div>\n\n\t\t<\/div>\n\n\t\t\n<style>\n#section_766565962 {\n  padding-top: 30px;\n  padding-bottom: 30px;\n}\n<\/style>\n\t<\/section>\n\t\n\n\t<section class=\"section\" id=\"section_1876006092\">\n\t\t<div class=\"section-bg fill\" >\n\t\t\t\t\t\t\t\t\t\n\t\t\t\n\n\t\t<\/div>\n\n\t\t\n\n\t\t<div class=\"section-content relative\">\n\t\t\t\n\n<div class=\"row row-large align-center\"  id=\"row-1799722354\">\n\n\n\t<div id=\"col-1302210473\" class=\"col medium-7 small-12 large-7\"  >\n\t\t\t\t<div class=\"col-inner text-center\" style=\"background-color:rgb(255, 255, 255);\" >\n\t\t\t\n\t\t\t\n\n\t<div id=\"text-572542494\" class=\"text\">\n\t\t\n\n<h2>Our contact information<\/h2>\n<p>Store Phone : <a href=\"tel:02425727172\">+90 (242) 572 71 72<\/a><\/p>\n<p>Store GSM : <a class=\"tooltip tooltipstered\" href=\"tel:+90%20(505)%20888%2071%C2%A072\">+90 (505) 888 71&nbsp;72<\/a><\/p>\n<p>Mail : <a href=\"mailto:siemens@gulsenler.com.tr\">siemens@gulsenler.com.tr<\/a><\/p>\n<p>Address : Cumhuriyet, Ulusal Egemenlik Blv No:107B, 07900 Gazipa\u015fa\/Antalya<\/p>\n\t\t\n<style>\n#text-572542494 {\n  text-align: left;\n}\n<\/style>\n\t<\/div>\n\t\n\n\n<iframe src=\"https:\/\/www.google.com\/maps\/embed?pb=!1m18!1m12!1m3!1d3216.64822388226!2d32.307975415275045!3d36.27231848006057!2m3!1f0!2f0!3f0!3m2!1i1024!2i768!4f13.1!3m3!1m2!1s0x14dc8b0757ce29cd%3A0x1259e7877955188e!2zU2llbWVucy1Hw7xsxZ9lbmxlcg!5e0!3m2!1str!2str!4v1689937051901!5m2!1str!2str\" width=\"600\" height=\"315\" style=\"border:0;\" allowfullscreen=\"\" loading=\"lazy\" referrerpolicy=\"no-referrer-when-downgrade\"><\/iframe>\n\n<a href=\"https:\/\/goo.gl\/maps\/R4WbvRVK4UAfs2M38\" target=\"_blank\" class=\"button alert is-shade box-shadow-2 box-shadow-5-hover\" rel=\"noopener nofollow\" style=\"border-radius:5px;\">\n\t\t<span>Get Directions<\/span>\n\t<i class=\"icon-map-pin-fill\" aria-hidden=\"true\"><\/i><\/a>\n\n\n\n\t\t<\/div>\n\t\t\t\t\n<style>\n#col-1302210473 > .col-inner {\n  padding: 10px 10px 10px 10px;\n}\n<\/style>\n\t<\/div>\n\n\t\n\n\t<div id=\"col-284776250\" class=\"col medium-5 small-12 large-5\"  >\n\t\t\t\t<div class=\"col-inner\"  >\n\t\t\t\n\t\t\t\n\n<h3>Contact form<\/h3>\n\n<div class=\"wpcf7 no-js\" id=\"wpcf7-f564-o1\" lang=\"en-US\" dir=\"ltr\" data-wpcf7-id=\"564\">\n<div class=\"screen-reader-response\"><p role=\"status\" aria-live=\"polite\" aria-atomic=\"true\"><\/p> <ul><\/ul><\/div>\n<form action=\"\/en\/wp-json\/wp\/v2\/pages\/532#wpcf7-f564-o1\" method=\"post\" class=\"wpcf7-form init\" aria-label=\"Contact form\" novalidate=\"novalidate\" data-status=\"init\">\n<fieldset class=\"hidden-fields-container\"><input type=\"hidden\" name=\"_wpcf7\" value=\"564\" \/><input type=\"hidden\" name=\"_wpcf7_version\" value=\"6.1.5\" \/><input type=\"hidden\" name=\"_wpcf7_locale\" value=\"en_US\" \/><input type=\"hidden\" name=\"_wpcf7_unit_tag\" value=\"wpcf7-f564-o1\" \/><input type=\"hidden\" name=\"_wpcf7_container_post\" value=\"0\" \/><input type=\"hidden\" name=\"_wpcf7_posted_data_hash\" value=\"\" \/><input type=\"hidden\" name=\"_wpcf7_recaptcha_response\" value=\"\" \/>\n<\/fieldset>\n<p><label> Your name<br \/>\n<span class=\"wpcf7-form-control-wrap\" data-name=\"your-name\"><input size=\"40\" maxlength=\"400\" class=\"wpcf7-form-control wpcf7-text wpcf7-validates-as-required\" autocomplete=\"name\" aria-required=\"true\" aria-invalid=\"false\" value=\"\" type=\"text\" name=\"your-name\" \/><\/span> <\/label>\n<\/p>\n<p><label> E-mail address<br \/>\n<span class=\"wpcf7-form-control-wrap\" data-name=\"your-email\"><input size=\"40\" maxlength=\"400\" class=\"wpcf7-form-control wpcf7-email wpcf7-validates-as-required wpcf7-text wpcf7-validates-as-email\" autocomplete=\"email\" aria-required=\"true\" aria-invalid=\"false\" value=\"\" type=\"email\" name=\"your-email\" \/><\/span> <\/label><br \/>\n<label> Phone number<br \/>\n<span class=\"wpcf7-form-control-wrap\" data-name=\"tel\"><input size=\"40\" maxlength=\"400\" class=\"wpcf7-form-control wpcf7-tel wpcf7-validates-as-required wpcf7-text wpcf7-validates-as-tel\" aria-required=\"true\" aria-invalid=\"false\" value=\"\" type=\"tel\" name=\"tel\" \/><\/span> <\/label><br \/>\n<label> Subject<br \/>\n<span class=\"wpcf7-form-control-wrap\" data-name=\"your-subject\"><input size=\"40\" maxlength=\"400\" class=\"wpcf7-form-control wpcf7-text wpcf7-validates-as-required\" aria-required=\"true\" aria-invalid=\"false\" value=\"\" type=\"text\" name=\"your-subject\" \/><\/span> <\/label>\n<\/p>\n<p><label> Your message<br \/>\n<span class=\"wpcf7-form-control-wrap\" data-name=\"your-message\"><textarea cols=\"40\" rows=\"10\" maxlength=\"2000\" class=\"wpcf7-form-control wpcf7-textarea\" aria-invalid=\"false\" name=\"your-message\"><\/textarea><\/span> <\/label>\n<\/p>\n<p><input class=\"wpcf7-form-control wpcf7-submit has-spinner\" type=\"submit\" value=\"send\" \/>\n<\/p><div class=\"wpcf7-response-output\" aria-hidden=\"true\"><\/div>\n<\/form>\n<\/div>\n\n\n\n\t\t<\/div>\n\t\t\t\t\n<style>\n#col-284776250 > .col-inner {\n  padding: 0px 15px 15px 15px;\n}\n<\/style>\n\t<\/div>\n\n\t\n\n<\/div>\n\n\t\t<\/div>\n\n\t\t\n<style>\n#section_1876006092 {\n  padding-top: 14px;\n  padding-bottom: 14px;\n  background-color: rgb(244, 247, 250);\n}\n<\/style>\n\t<\/section>\n\t\n","protected":false},"excerpt":{"rendered":"","protected":false},"author":1,"featured_media":510,"parent":522,"menu_order":0,"comment_status":"closed","ping_status":"closed","template":"page-blank.php","meta":{"_joinchat":[],"footnotes":""},"class_list":["post-532","page","type-page","status-publish","has-post-thumbnail","hentry"],"_links":{"self":[{"href":"https:\/\/gulsenler.com.tr\/en\/wp-json\/wp\/v2\/pages\/532","targetHints":{"allow":["GET"]}}],"collection":[{"href":"https:\/\/gulsenler.com.tr\/en\/wp-json\/wp\/v2\/pages"}],"about":[{"href":"https:\/\/gulsenler.com.tr\/en\/wp-json\/wp\/v2\/types\/page"}],"author":[{"embeddable":true,"href":"https:\/\/gulsenler.com.tr\/en\/wp-json\/wp\/v2\/users\/1"}],"replies":[{"embeddable":true,"href":"https:\/\/gulsenler.com.tr\/en\/wp-json\/wp\/v2\/comments?post=532"}],"version-history":[{"count":3,"href":"https:\/\/gulsenler.com.tr\/en\/wp-json\/wp\/v2\/pages\/532\/revisions"}],"predecessor-version":[{"id":535,"href":"https:\/\/gulsenler.com.tr\/en\/wp-json\/wp\/v2\/pages\/532\/revisions\/535"}],"up":[{"embeddable":true,"href":"https:\/\/gulsenler.com.tr\/en\/wp-json\/wp\/v2\/pages\/522"}],"wp:featuredmedia":[{"embeddable":true,"href":"https:\/\/gulsenler.com.tr\/en\/wp-json\/wp\/v2\/media\/510"}],"wp:attachment":[{"href":"https:\/\/gulsenler.com.tr\/en\/wp-json\/wp\/v2\/media?parent=532"}],"curies":[{"name":"wp","href":"https:\/\/api.w.org\/{rel}","templated":true}]}}