{"id":522,"date":"2023-07-14T15:22:50","date_gmt":"2023-07-14T15:22:50","guid":{"rendered":"https:\/\/gulsenler.com.tr\/our-service-regions\/"},"modified":"2023-07-25T15:39:12","modified_gmt":"2023-07-25T15:39:12","slug":"our-service-regions","status":"publish","type":"page","link":"https:\/\/gulsenler.com.tr\/en\/our-service-regions\/","title":{"rendered":"Our Service Regions"},"content":{"rendered":"\n\n\t<section class=\"section\" id=\"section_1286618566\">\n\t\t<div class=\"section-bg fill\" >\n\t\t\t\t\t\t\t\t\t\n\t\t\t\n\n\t\t<\/div>\n\n\t\t\n\n\t\t<div class=\"section-content relative\">\n\t\t\t\n\n\n  <div class=\"banner has-hover is-full-height has-parallax\" id=\"banner-1226853491\">\n          <div class=\"banner-inner fill\">\n        <div class=\"banner-bg fill\" data-parallax=\"-7\" data-parallax-container=\".banner\" data-parallax-background>\n            <img loading=\"lazy\" decoding=\"async\" width=\"1920\" height=\"1080\" src=\"https:\/\/gulsenler.com.tr\/wp-content\/uploads\/2023\/07\/Hizmet-Bolgelerimiz-Gulsenler.webp\" class=\"bg attachment-original size-original\" alt=\"Hizmet B\u00f6lgelerimiz - G\u00fcl\u015fenler\" \/>                        <div class=\"overlay\"><\/div>            \n                    <\/div>\n\t\t\n        <div class=\"banner-layers container\">\n            <div class=\"fill banner-link\"><\/div>            \n\n   <div id=\"text-box-1858224779\" class=\"text-box banner-layer x50 md-x50 lg-x50 y50 md-y65 lg-y65 res-text\">\n                                <div class=\"text-box-content text dark\">\n              \n              <div class=\"text-inner text-center\">\n                  \n\n<h1>Our Service Regions<\/h1>\n<p>As G\u00fcl\u015fenler Siemens, we offer free shipping and installation services to the entire Antalya region and Anamur region for your purchases from our store.<\/p>\n\n              <\/div>\n           <\/div>\n                            \n<style>\n#text-box-1858224779 {\n  width: 95%;\n}\n#text-box-1858224779 .text-box-content {\n  font-size: 154%;\n}\n@media (min-width:550px) {\n  #text-box-1858224779 {\n    width: 80%;\n  }\n}\n<\/style>\n    <\/div>\n \n\n        <\/div>\n      <\/div>\n\n            \n<style>\n#banner-1226853491 {\n  padding-top: 165%;\n}\n#banner-1226853491 .overlay {\n  background-color: rgba(0,0,0,.5);\n}\n#banner-1226853491 .banner-bg img {\n  object-position: 52% 100%;\n}\n@media (min-width:550px) {\n  #banner-1226853491 {\n    padding-top: 100%;\n  }\n}\n<\/style>\n  <\/div>\n\n\n\n\t\t<\/div>\n\n\t\t\n<style>\n#section_1286618566 {\n  padding-top: 0px;\n  padding-bottom: 0px;\n}\n<\/style>\n\t<\/section>\n\t\n","protected":false},"excerpt":{"rendered":"","protected":false},"author":1,"featured_media":517,"parent":0,"menu_order":0,"comment_status":"closed","ping_status":"closed","template":"page-blank.php","meta":{"_joinchat":[],"footnotes":""},"class_list":["post-522","page","type-page","status-publish","has-post-thumbnail","hentry"],"_links":{"self":[{"href":"https:\/\/gulsenler.com.tr\/en\/wp-json\/wp\/v2\/pages\/522","targetHints":{"allow":["GET"]}}],"collection":[{"href":"https:\/\/gulsenler.com.tr\/en\/wp-json\/wp\/v2\/pages"}],"about":[{"href":"https:\/\/gulsenler.com.tr\/en\/wp-json\/wp\/v2\/types\/page"}],"author":[{"embeddable":true,"href":"https:\/\/gulsenler.com.tr\/en\/wp-json\/wp\/v2\/users\/1"}],"replies":[{"embeddable":true,"href":"https:\/\/gulsenler.com.tr\/en\/wp-json\/wp\/v2\/comments?post=522"}],"version-history":[{"count":3,"href":"https:\/\/gulsenler.com.tr\/en\/wp-json\/wp\/v2\/pages\/522\/revisions"}],"predecessor-version":[{"id":525,"href":"https:\/\/gulsenler.com.tr\/en\/wp-json\/wp\/v2\/pages\/522\/revisions\/525"}],"wp:featuredmedia":[{"embeddable":true,"href":"https:\/\/gulsenler.com.tr\/en\/wp-json\/wp\/v2\/media\/517"}],"wp:attachment":[{"href":"https:\/\/gulsenler.com.tr\/en\/wp-json\/wp\/v2\/media?parent=522"}],"curies":[{"name":"wp","href":"https:\/\/api.w.org\/{rel}","templated":true}]}}