{"id":519,"date":"2023-07-13T09:22:41","date_gmt":"2023-07-13T09:22:41","guid":{"rendered":"https:\/\/gulsenler.com.tr\/about-us\/"},"modified":"2023-07-25T15:38:48","modified_gmt":"2023-07-25T15:38:48","slug":"about-us","status":"publish","type":"page","link":"https:\/\/gulsenler.com.tr\/en\/about-us\/","title":{"rendered":"About us"},"content":{"rendered":"\n\n\t<section class=\"section\" id=\"section_528623333\">\n\t\t<div class=\"section-bg fill\" >\n\t\t\t\t\t\t\t\t\t\n\t\t\t\n\n\t\t<\/div>\n\n\t\t\n\n\t\t<div class=\"section-content relative\">\n\t\t\t\n\n\n  <div class=\"banner has-hover has-parallax\" id=\"banner-1927609597\">\n          <div class=\"banner-inner fill\">\n        <div class=\"banner-bg fill\" data-parallax=\"-6\" data-parallax-container=\".banner\" data-parallax-background>\n            <img loading=\"lazy\" decoding=\"async\" width=\"1920\" height=\"751\" src=\"https:\/\/gulsenler.com.tr\/wp-content\/uploads\/2023\/07\/Hakkimizda-Gulsenler.webp\" class=\"bg attachment-original size-original\" alt=\"Hakk\u0131m\u0131zda - G\u00fcl\u015fenler\" \/>                                    \n                    <\/div>\n\t\t\n        <div class=\"banner-layers container\">\n            <div class=\"fill banner-link\"><\/div>            \n\n\n        <\/div>\n      <\/div>\n\n            \n<style>\n#banner-1927609597 {\n  padding-top: 150px;\n}\n#banner-1927609597 .banner-bg img {\n  object-position: 51% 0%;\n}\n@media (min-width:550px) {\n  #banner-1927609597 {\n    padding-top: 401px;\n  }\n}\n<\/style>\n  <\/div>\n\n\n\n\t\t<\/div>\n\n\t\t\n<style>\n#section_528623333 {\n  padding-top: 0px;\n  padding-bottom: 0px;\n}\n<\/style>\n\t<\/section>\n\t\n\n\t<section class=\"section\" id=\"section_1922509398\">\n\t\t<div class=\"section-bg fill\" >\n\t\t\t\t\t\t\t\t\t\n\t\t\t\n\n\t\t<\/div>\n\n\t\t\n\n\t\t<div class=\"section-content relative\">\n\t\t\t\n\n<div class=\"row align-middle\"  id=\"row-1350781976\">\n\n\n\t<div id=\"col-617158346\" class=\"col medium-6 small-12 large-6\"  >\n\t\t\t\t<div class=\"col-inner\"  >\n\t\t\t\n\t\t\t\n\n<h1>About us<\/h1>\n<p>As G\u00fcL\u015eENLER, in 1974, in the Gazipa\u015fa district of Antalya, Aygaz started active trade with tube and white goods dealerships and after serving in the furniture and retail industry for a long time, Today, we continue to serve our country with high-scale agricultural lands, with the production of professional seedlings with BIFID agricultural enterprises, which are the group companies in the Gazipa\u015fa Siemens dealership and agriculture sector.<\/p>\n\n\t\t<\/div>\n\t\t\t\t\t<\/div>\n\n\t\n\n\t<div id=\"col-1693864695\" class=\"col medium-6 small-12 large-6\"  >\n\t\t\t\t<div class=\"col-inner\"  >\n\t\t\t\n\t\t\t\n\n\n  <div class=\"banner has-hover\" id=\"banner-719885295\">\n          <div class=\"banner-inner fill\">\n        <div class=\"banner-bg fill\" >\n            <img loading=\"lazy\" decoding=\"async\" width=\"1020\" height=\"765\" src=\"https:\/\/gulsenler.com.tr\/wp-content\/uploads\/2023\/07\/Alanya-Siemens-Gulsenler-11-1024x768.webp\" class=\"bg attachment-large size-large\" alt=\"Alanya Siemens - G\u00fcl\u015fenler\" \/>                                    \n                    <\/div>\n\t\t\n        <div class=\"banner-layers container\">\n            <div class=\"fill banner-link\"><\/div>            \n\n\n        <\/div>\n      <\/div>\n\n            \n<style>\n#banner-719885295 {\n  padding-top: 300px;\n}\n<\/style>\n  <\/div>\n\n\n\n\t\t<\/div>\n\t\t\t\t\t<\/div>\n\n\t\n\n<\/div>\n\n\t\t<\/div>\n\n\t\t\n<style>\n#section_1922509398 {\n  padding-top: 30px;\n  padding-bottom: 30px;\n}\n<\/style>\n\t<\/section>\n\t\n\n","protected":false},"excerpt":{"rendered":"","protected":false},"author":1,"featured_media":509,"parent":0,"menu_order":0,"comment_status":"closed","ping_status":"closed","template":"page-blank.php","meta":{"_joinchat":[],"footnotes":""},"class_list":["post-519","page","type-page","status-publish","has-post-thumbnail","hentry"],"_links":{"self":[{"href":"https:\/\/gulsenler.com.tr\/en\/wp-json\/wp\/v2\/pages\/519","targetHints":{"allow":["GET"]}}],"collection":[{"href":"https:\/\/gulsenler.com.tr\/en\/wp-json\/wp\/v2\/pages"}],"about":[{"href":"https:\/\/gulsenler.com.tr\/en\/wp-json\/wp\/v2\/types\/page"}],"author":[{"embeddable":true,"href":"https:\/\/gulsenler.com.tr\/en\/wp-json\/wp\/v2\/users\/1"}],"replies":[{"embeddable":true,"href":"https:\/\/gulsenler.com.tr\/en\/wp-json\/wp\/v2\/comments?post=519"}],"version-history":[{"count":1,"href":"https:\/\/gulsenler.com.tr\/en\/wp-json\/wp\/v2\/pages\/519\/revisions"}],"predecessor-version":[{"id":521,"href":"https:\/\/gulsenler.com.tr\/en\/wp-json\/wp\/v2\/pages\/519\/revisions\/521"}],"wp:featuredmedia":[{"embeddable":true,"href":"https:\/\/gulsenler.com.tr\/en\/wp-json\/wp\/v2\/media\/509"}],"wp:attachment":[{"href":"https:\/\/gulsenler.com.tr\/en\/wp-json\/wp\/v2\/media?parent=519"}],"curies":[{"name":"wp","href":"https:\/\/api.w.org\/{rel}","templated":true}]}}